{"id":7095,"date":"2019-11-05T16:19:02","date_gmt":"2019-11-05T15:19:02","guid":{"rendered":"https:\/\/2025.ipm-print.de\/?page_id=7095"},"modified":"2019-11-05T16:19:02","modified_gmt":"2019-11-05T15:19:02","slug":"instruktion-und-schulungen-broschuere","status":"publish","type":"page","link":"https:\/\/ipm-print.de\/en\/services\/training-and-instructions\/instruktion-und-schulungen-broschuere\/","title":{"rendered":"Instruktion und Schulungen Brosch\u00fcre"},"content":{"rendered":"<p>[et_pb_section bb_built=&#8221;1&#8243; _builder_version=&#8221;3.0.89&#8243; background_color=&#8221;#ef7201&#8243; custom_css_main_element=&#8221;margin-top:0px;||margin-bottom: 0px;&#8221; next_background_color=&#8221;#ffffff&#8221;][et_pb_row _builder_version=&#8221;3.0.89&#8243; custom_css_main_element=&#8221;margin-top:0px;||margin-bottom: 0px;||padding-top: 0px;||padding-bottom: 0px;&#8221;][et_pb_column type=&#8221;4_4&#8243;][et_pb_text _builder_version=&#8221;3.0.105&#8243; background_layout=&#8221;dark&#8221; header_2_font_size=&#8221;20px&#8221; text_line_height=&#8221;1.8em&#8221; header_2_line_height=&#8221;1.7em&#8221;]<\/p>\n<h1>Print Performance Plus<\/h1>\n<h2>Makkulatur senken und Gewinne steigern.<br \/>\nQualifizierung des Bedienpersonals, Optimierung der Maschineneinstellungen,<br \/>\nverk\u00fcrzte R\u00fcstzeiten, optimierter Materialeinsatz, erh\u00f6hte Maschinenverf\u00fcgbarkeit, mehr Output.<\/h2>\n<p>[\/et_pb_text][\/et_pb_column][\/et_pb_row][\/et_pb_section][et_pb_section bb_built=&#8221;1&#8243; fullwidth=&#8221;off&#8221; specialty=&#8221;off&#8221; prev_background_color=&#8221;#ef7201&#8243;][et_pb_row][et_pb_column type=&#8221;4_4&#8243;][et_pb_code _builder_version=&#8221;3.0.105&#8243;][\/et_pb_code][\/et_pb_column][\/et_pb_row][\/et_pb_section]<\/p>\n","protected":false},"excerpt":{"rendered":"<p>Print Performance Plus Makkulatur senken und Gewinne steigern. Qualifizierung des Bedienpersonals, Optimierung der Maschineneinstellungen, verk\u00fcrzte R\u00fcstzeiten, optimierter Materialeinsatz, erh\u00f6hte Maschinenverf\u00fcgbarkeit, mehr Output. <div class=\"et_pb_row et_pb_row_0 et_pb_row_empty\">\n\t\t\t\t\n\t\t\t\t\n\t\t\t\t\n\t\t\t\t\n\t\t\t\t\n\t\t\t<\/div><\/p>\n","protected":false},"author":2,"featured_media":0,"parent":51166,"menu_order":0,"comment_status":"closed","ping_status":"closed","template":"","meta":{"_et_pb_use_builder":"on","_et_pb_old_content":"","_et_gb_content_width":"","inline_featured_image":false,"footnotes":""},"class_list":["post-7095","page","type-page","status-publish","hentry"],"wps_subtitle":"","_links":{"self":[{"href":"https:\/\/ipm-print.de\/en\/wp-json\/wp\/v2\/pages\/7095","targetHints":{"allow":["GET"]}}],"collection":[{"href":"https:\/\/ipm-print.de\/en\/wp-json\/wp\/v2\/pages"}],"about":[{"href":"https:\/\/ipm-print.de\/en\/wp-json\/wp\/v2\/types\/page"}],"author":[{"embeddable":true,"href":"https:\/\/ipm-print.de\/en\/wp-json\/wp\/v2\/users\/2"}],"replies":[{"embeddable":true,"href":"https:\/\/ipm-print.de\/en\/wp-json\/wp\/v2\/comments?post=7095"}],"version-history":[{"count":3,"href":"https:\/\/ipm-print.de\/en\/wp-json\/wp\/v2\/pages\/7095\/revisions"}],"predecessor-version":[{"id":7099,"href":"https:\/\/ipm-print.de\/en\/wp-json\/wp\/v2\/pages\/7095\/revisions\/7099"}],"up":[{"embeddable":true,"href":"https:\/\/ipm-print.de\/en\/wp-json\/wp\/v2\/pages\/51166"}],"wp:attachment":[{"href":"https:\/\/ipm-print.de\/en\/wp-json\/wp\/v2\/media?parent=7095"}],"curies":[{"name":"wp","href":"https:\/\/api.w.org\/{rel}","templated":true}]}}